{"id":17,"date":"2025-07-11T20:02:30","date_gmt":"2025-07-11T20:02:30","guid":{"rendered":"https:\/\/epms.clevernet.pl\/?page_id=17"},"modified":"2025-07-17T14:42:34","modified_gmt":"2025-07-17T14:42:34","slug":"o-nas","status":"publish","type":"page","link":"https:\/\/epms.com.pl\/en\/o-nas\/","title":{"rendered":"About"},"content":{"rendered":"<p>Misj\u0105 <strong>Engineering Project Management Solutions<\/strong> Lorem Ipsum is simply dummy text of the printing and typesetting industry.<\/p>\n<p>Lorem Ipsum is simply dummy text of the printing and typesetting industry.<\/p>","protected":false},"excerpt":{"rendered":"<p>Misj\u0105 Engineering Project Management Solutions jest bycie zaufanym partnerem, kt\u00f3ry nap\u0119dza post\u0119p, transformuj\u0105c wyzwania przemys\u0142owe w inteligentne, wydajne i rentowne rozwi\u0105zania in\u017cynierskie. Kierujemy si\u0119 pasj\u0105 do tworzenia innowacyjnych system\u00f3w, opieraj\u0105c nasze dzia\u0142ania na precyzji, kreatywno\u015bci projektowej po\u0142\u0105czonej z najnowszymi technologiami i g\u0142\u0119bokim zrozumieniu potrzeb przemys\u0142u, by wspiera\u0107 rozw\u00f3j naszych Klient\u00f3w i wyznacza\u0107 nowe standardy w [&hellip;]<\/p>\n","protected":false},"author":1,"featured_media":37,"parent":0,"menu_order":0,"comment_status":"closed","ping_status":"closed","template":"about.php","meta":{"_acf_changed":false,"footnotes":""},"class_list":["post-17","page","type-page","status-publish","has-post-thumbnail","hentry"],"acf":[],"_links":{"self":[{"href":"https:\/\/epms.com.pl\/en\/wp-json\/wp\/v2\/pages\/17","targetHints":{"allow":["GET"]}}],"collection":[{"href":"https:\/\/epms.com.pl\/en\/wp-json\/wp\/v2\/pages"}],"about":[{"href":"https:\/\/epms.com.pl\/en\/wp-json\/wp\/v2\/types\/page"}],"author":[{"embeddable":true,"href":"https:\/\/epms.com.pl\/en\/wp-json\/wp\/v2\/users\/1"}],"replies":[{"embeddable":true,"href":"https:\/\/epms.com.pl\/en\/wp-json\/wp\/v2\/comments?post=17"}],"version-history":[{"count":5,"href":"https:\/\/epms.com.pl\/en\/wp-json\/wp\/v2\/pages\/17\/revisions"}],"predecessor-version":[{"id":128,"href":"https:\/\/epms.com.pl\/en\/wp-json\/wp\/v2\/pages\/17\/revisions\/128"}],"wp:featuredmedia":[{"embeddable":true,"href":"https:\/\/epms.com.pl\/en\/wp-json\/wp\/v2\/media\/37"}],"wp:attachment":[{"href":"https:\/\/epms.com.pl\/en\/wp-json\/wp\/v2\/media?parent=17"}],"curies":[{"name":"wp","href":"https:\/\/api.w.org\/{rel}","templated":true}]}}