{"id":12,"date":"2025-07-11T15:34:34","date_gmt":"2025-07-11T15:34:34","guid":{"rendered":"https:\/\/epms.clevernet.pl\/?page_id=12"},"modified":"2026-02-11T13:27:18","modified_gmt":"2026-02-11T12:27:18","slug":"strona-glowna","status":"publish","type":"page","link":"https:\/\/epms.com.pl\/en\/","title":{"rendered":"Strona g\u0142\u00f3wna"},"content":{"rendered":"<h2><span class=\"epms-orange\">Epms<\/span> Lorem Ipsum is simply dummy text of the printing and typesetting industry.<\/h2>\n<p>In <span class=\"epms-bolded\">Engineering Project Management Solutions<\/span> Lorem Ipsum is simply dummy text of the printing and typesetting industry.<\/p>\n<p>Lorem Ipsum is simply dummy text of the printing and typesetting industry.<\/p>","protected":false},"excerpt":{"rendered":"<p>Epms czyli in\u017cynieria skrojona na miar\u0119 Twoich potrzeb W Engineering Project Management Solutions \u0142\u0105czymy innowacyjne my\u015blenie in\u017cynierskie z praktyczn\u0105 wiedz\u0105 zdobyt\u0105 przez lata pracy w r\u00f3\u017cnych sektorach przemys\u0142u. Nasz zesp\u00f3\u0142 to do\u015bwiadczeni specjali\u015bci i pasjonaci, kt\u00f3rzy ka\u017cde wyzwanie traktuj\u0105 jako okazj\u0119 do stworzenia warto\u015bciowych, optymalnych i innowacyjnych rozwi\u0105za\u0144 dla Twojego biznesu. Z sukcesem wspieramy naszych [&hellip;]<\/p>\n","protected":false},"author":1,"featured_media":13,"parent":0,"menu_order":0,"comment_status":"closed","ping_status":"closed","template":"","meta":{"_acf_changed":false,"footnotes":""},"class_list":["post-12","page","type-page","status-publish","has-post-thumbnail","hentry"],"acf":[],"_links":{"self":[{"href":"https:\/\/epms.com.pl\/en\/wp-json\/wp\/v2\/pages\/12","targetHints":{"allow":["GET"]}}],"collection":[{"href":"https:\/\/epms.com.pl\/en\/wp-json\/wp\/v2\/pages"}],"about":[{"href":"https:\/\/epms.com.pl\/en\/wp-json\/wp\/v2\/types\/page"}],"author":[{"embeddable":true,"href":"https:\/\/epms.com.pl\/en\/wp-json\/wp\/v2\/users\/1"}],"replies":[{"embeddable":true,"href":"https:\/\/epms.com.pl\/en\/wp-json\/wp\/v2\/comments?post=12"}],"version-history":[{"count":19,"href":"https:\/\/epms.com.pl\/en\/wp-json\/wp\/v2\/pages\/12\/revisions"}],"predecessor-version":[{"id":319,"href":"https:\/\/epms.com.pl\/en\/wp-json\/wp\/v2\/pages\/12\/revisions\/319"}],"wp:featuredmedia":[{"embeddable":true,"href":"https:\/\/epms.com.pl\/en\/wp-json\/wp\/v2\/media\/13"}],"wp:attachment":[{"href":"https:\/\/epms.com.pl\/en\/wp-json\/wp\/v2\/media?parent=12"}],"curies":[{"name":"wp","href":"https:\/\/api.w.org\/{rel}","templated":true}]}}